{"id":92,"date":"2025-03-12T21:02:39","date_gmt":"2025-03-12T21:02:39","guid":{"rendered":"http:\/\/v2.kboom12.com\/?page_id=92"},"modified":"2025-08-13T13:16:24","modified_gmt":"2025-08-13T18:16:24","slug":"inicio","status":"publish","type":"page","link":"https:\/\/v2.kboom12.com\/en\/","title":{"rendered":"INICIO"},"content":{"rendered":"<h1>K-BOOM12<\/h1>\n\t\t<h2>ES UN CONJUNTO<br \/>DE SOLUCIONES EDTECH<\/h2>\n\t\t\t<p>Que permite a las escuelas responder de manera efectiva e innovadora a los desaf\u00edos de la educaci\u00f3n global.<\/p>\t\t\n\t\t\t\t<img decoding=\"async\" src=\"http:\/\/v2.kboom12.com\/wp-content\/uploads\/2025\/07\/HomePage.png\" alt=\"HomePage\" itemprop=\"image\" title=\"HomePage\" onerror=\"this.style.display='none'\" loading='lazy' \/>\n<h1>\n\t\t\tEXPLORA NUESTRAS  SOLUCIONES\t<\/h1>\n\t\t\t\t<img decoding=\"async\" src=\"https:\/\/v2.kboom12.com\/wp-content\/plugins\/bb-plugin\/img\/pixel.png\" alt=\"\" itemprop=\"image\" onerror=\"this.style.display='none'\" loading='lazy' \/>\n\t\t\t\t<a href=\"https:\/\/v2.kboom12.com\/en\/tecnologias\/alexandria\/\"  target=\"_self\" itemprop=\"url\">\n\t\t\t\t<img decoding=\"async\" src=\"https:\/\/v2.kboom12.com\/wp-content\/uploads\/2025\/06\/Artboard-1-8.png\" alt=\"Artboard 1-8\" itemprop=\"image\" height=\"118\" width=\"318\" title=\"Artboard 1-8\" onerror=\"this.style.display='none'\" loading='lazy' \/>\n\t\t\t\t<\/a>\n\t\t\t\t<a href=\"https:\/\/v2.kboom12.com\/en\/contenidos\/learn360\/\"  target=\"_self\" itemprop=\"url\">\n\t\t\t\t<img decoding=\"async\" src=\"https:\/\/v2.kboom12.com\/wp-content\/uploads\/2025\/06\/Artboard-8-8.png\" alt=\"Artboard 8-8\" itemprop=\"image\" height=\"118\" width=\"318\" title=\"Artboard 8-8\" onerror=\"this.style.display='none'\" loading='lazy' \/>\n\t\t\t\t<\/a>\n\t\t\t\t<a href=\"https:\/\/v2.kboom12.com\/en\/contenidos\/science\/\"  target=\"_self\" itemprop=\"url\">\n\t\t\t\t<img decoding=\"async\" src=\"https:\/\/v2.kboom12.com\/wp-content\/uploads\/2025\/06\/Artboard-11-8.png\" alt=\"Artboard 11-8\" itemprop=\"image\" height=\"118\" width=\"318\" title=\"Artboard 11-8\" onerror=\"this.style.display='none'\" loading='lazy' \/>\n\t\t\t\t<\/a>\n\t\t\t\t<img decoding=\"async\" src=\"https:\/\/v2.kboom12.com\/wp-content\/plugins\/bb-plugin\/img\/pixel.png\" alt=\"\" itemprop=\"image\" onerror=\"this.style.display='none'\" loading='lazy' \/>\n\t\t\t\t<img decoding=\"async\" src=\"https:\/\/v2.kboom12.com\/wp-content\/plugins\/bb-plugin\/img\/pixel.png\" alt=\"\" itemprop=\"image\" onerror=\"this.style.display='none'\" loading='lazy' \/>\n\t\t\t\t<a href=\"https:\/\/v2.kboom12.com\/en\/tecnologias\/navigator\/\"  target=\"_self\" itemprop=\"url\">\n\t\t\t\t<img decoding=\"async\" src=\"http:\/\/v2.kboom12.com\/wp-content\/uploads\/2025\/07\/Logos_kboom300x300-06.png\" alt=\"Logos_kboom300x300-06\" itemprop=\"image\" title=\"Logos_kboom300x300-06\" onerror=\"this.style.display='none'\" loading='lazy' \/>\n\t\t\t\t<\/a>\n\t\t\t\t<a href=\"https:\/\/v2.kboom12.com\/en\/tecnologias\/lightbox\/\"  target=\"_self\" itemprop=\"url\">\n\t\t\t\t<img decoding=\"async\" src=\"http:\/\/v2.kboom12.com\/wp-content\/uploads\/2025\/08\/lightbox.png\" alt=\"lightbox\" itemprop=\"image\" title=\"lightbox\" onerror=\"this.style.display='none'\" loading='lazy' \/>\n\t\t\t\t<\/a>\n\t\t\t\t<a href=\"https:\/\/v2.kboom12.com\/en\/contenidos\/av2\/\"  target=\"_self\" itemprop=\"url\">\n\t\t\t\t<img decoding=\"async\" src=\"https:\/\/v2.kboom12.com\/wp-content\/uploads\/2025\/06\/Artboard-5-8.png\" alt=\"Artboard 5-8\" itemprop=\"image\" height=\"118\" width=\"318\" title=\"Artboard 5-8\" onerror=\"this.style.display='none'\" loading='lazy' \/>\n\t\t\t\t<\/a>\n\t\t\t\t<a href=\"https:\/\/v2.kboom12.com\/en\/contenidos\/av2-world-lenguajes\/\"  target=\"_self\" itemprop=\"url\">\n\t\t\t\t<img decoding=\"async\" src=\"http:\/\/v2.kboom12.com\/wp-content\/uploads\/2025\/08\/av2-world.png\" alt=\"av2 world\" itemprop=\"image\" title=\"av2 world\" onerror=\"this.style.display='none'\" loading='lazy' \/>\n\t\t\t\t<\/a>\n\t\t\t\t<a href=\"https:\/\/v2.kboom12.com\/en\/tecnologias\/textbook-tracker\/\"  target=\"_self\" itemprop=\"url\">\n\t\t\t\t<img decoding=\"async\" src=\"https:\/\/v2.kboom12.com\/wp-content\/uploads\/2025\/06\/Artboard-4-8.png\" alt=\"Artboard 4-8\" itemprop=\"image\" height=\"118\" width=\"318\" title=\"Artboard 4-8\" onerror=\"this.style.display='none'\" loading='lazy' \/>\n\t\t\t\t<\/a>\n\t\t\t\t<a href=\"https:\/\/v2.kboom12.com\/en\/contenidos\/world-almanac-kids\/\"  target=\"_self\" itemprop=\"url\">\n\t\t\t\t<img decoding=\"async\" src=\"http:\/\/v2.kboom12.com\/wp-content\/uploads\/2025\/06\/Artboard-15-8.png\" alt=\"Artboard 15-8\" itemprop=\"image\" title=\"Artboard 15-8\" onerror=\"this.style.display='none'\" loading='lazy' \/>\n\t\t\t\t<\/a>\n\t\t\t\t<a href=\"https:\/\/v2.kboom12.com\/en\/contenidos\/world-almanac\/\"  target=\"_self\" itemprop=\"url\">\n\t\t\t\t<img decoding=\"async\" src=\"http:\/\/v2.kboom12.com\/wp-content\/uploads\/2025\/08\/world-languages.png\" alt=\"world languages\" itemprop=\"image\" title=\"world languages\" onerror=\"this.style.display='none'\" loading='lazy' \/>\n\t\t\t\t<\/a>\n\t\t\t\t<a href=\"https:\/\/v2.kboom12.com\/en\/contenidos\/mailbox\/\"  target=\"_self\" itemprop=\"url\">\n\t\t\t\t<img decoding=\"async\" src=\"http:\/\/v2.kboom12.com\/wp-content\/uploads\/2025\/08\/mailbox.png\" alt=\"mailbox\" itemprop=\"image\" title=\"mailbox\" onerror=\"this.style.display='none'\" loading='lazy' \/>\n\t\t\t\t<\/a>\n\t\t\t\t<img decoding=\"async\" src=\"https:\/\/v2.kboom12.com\/wp-content\/uploads\/2025\/06\/Artboard-12-8.png\" alt=\"Artboard 12-8\" itemprop=\"image\" height=\"118\" width=\"318\" title=\"Artboard 12-8\" onerror=\"this.style.display='none'\" loading='lazy' \/>\n\t\t\t\t<a href=\"http:\/\/v2.kboom12.com\/en\/contenidos\/classrom\/\"  target=\"_self\" itemprop=\"url\">\n\t\t\t\t<img decoding=\"async\" src=\"http:\/\/v2.kboom12.com\/wp-content\/uploads\/2025\/07\/Logos_kboom300x300-04.png\" alt=\"Logos_kboom300x300-04\" itemprop=\"image\" title=\"Logos_kboom300x300-04\" onerror=\"this.style.display='none'\" loading='lazy' \/>\n\t\t\t\t<\/a>\n\t\t<h2>\n\t\t\tEstamos comprometidos a brindar a las escuelas acceso a la informaci\u00f3n\n\t\t<\/h2>\n\t\t\t<p>De m\u00faltiples fuentes para que los usuarios puedan estar mejor informados, por lo tanto, ser mejores ciudadanos del mundo.<\/p>\t\t\n\t\t\t<a href=\"https:\/\/v2.kboom12.com\/en\/contactenos\/\" target=\"_self\">\n\t\t\t\t\t\t\tComienza aqu\u00ed\n\t\t\t\t\t<\/a>\n\t\t\t\t<img decoding=\"async\" src=\"https:\/\/v2.kboom12.com\/wp-content\/uploads\/2025\/06\/01_KBOM.png\" alt=\"01_KBOM\" itemprop=\"image\" height=\"1080\" width=\"1350\" title=\"01_KBOM\" onerror=\"this.style.display='none'\" loading='lazy' \/>\n<h2>\n\t\t\tNuestras soluciones se dividen en 2 \u00e1reas:\t<\/h2>\n\t\t\t<a href=\"https:\/\/v2.kboom12.com\/en\/tecnologias\/\" target=\"_self\">\n\t\t<h4>Tecnolog\u00eda<\/h4>\n\t\t<\/a>\n\t\t\t<a href=\"https:\/\/v2.kboom12.com\/en\/contenidos\/\" target=\"_self\">\n\t\t<h4>Contenidos<\/h4>\n\t\t<\/a>\n<h2>\n\t\t\tKINDER &#8211; PRIMARIA &#8211; SECUNDARIA &#8211; BACHILLERATO\t<\/h2>\n\t\t\n\t\t\tSomos el <b>Ethos Tecnol\u00f3gico<\/b> enfocado en ayudar a desarrollar a los<br \/> ciudadanos del mundo a hacer y ser m\u00e1s a trav\u00e9s de la informaci\u00f3n.\n\t\t\n\t\t\t\u00bfQue soluciones tiene tu instituci\u00f3n educativa actualmente<br \/>\n para enfrentar los desaf\u00edos en la educaci\u00f3n?\n\t\t\t\t<img decoding=\"async\" src=\"https:\/\/v2.kboom12.com\/wp-content\/uploads\/2025\/03\/Nin\u2560aa2_LandingPage.png\" alt=\"Nin\u2560\u00e2a2_LandingPage\" itemprop=\"image\" height=\"800\" width=\"638\" title=\"Nin\u2560\u00e2a2_LandingPage\" onerror=\"this.style.display='none'\" loading='lazy' \/>","protected":false},"excerpt":{"rendered":"<p>K-BOOM12 ES UN CONJUNTODE SOLUCIONES EDTECH Que permite a las escuelas responder de manera efectiva e innovadora a los desaf\u00edos de la educaci\u00f3n global. EXPLORA NUESTRAS SOLUCIONES Estamos comprometidos a brindar a las escuelas acceso a la informaci\u00f3n De m\u00faltiples fuentes para que los usuarios puedan estar mejor informados, por lo tanto, ser mejores ciudadanos [&hellip;]<\/p>\n","protected":false},"author":1,"featured_media":0,"parent":0,"menu_order":0,"comment_status":"closed","ping_status":"closed","template":"","meta":{"footnotes":""},"class_list":["post-92","page","type-page","status-publish","hentry"],"blocksy_meta":[],"_links":{"self":[{"href":"https:\/\/v2.kboom12.com\/en\/wp-json\/wp\/v2\/pages\/92","targetHints":{"allow":["GET"]}}],"collection":[{"href":"https:\/\/v2.kboom12.com\/en\/wp-json\/wp\/v2\/pages"}],"about":[{"href":"https:\/\/v2.kboom12.com\/en\/wp-json\/wp\/v2\/types\/page"}],"author":[{"embeddable":true,"href":"https:\/\/v2.kboom12.com\/en\/wp-json\/wp\/v2\/users\/1"}],"replies":[{"embeddable":true,"href":"https:\/\/v2.kboom12.com\/en\/wp-json\/wp\/v2\/comments?post=92"}],"version-history":[{"count":53,"href":"https:\/\/v2.kboom12.com\/en\/wp-json\/wp\/v2\/pages\/92\/revisions"}],"predecessor-version":[{"id":957,"href":"https:\/\/v2.kboom12.com\/en\/wp-json\/wp\/v2\/pages\/92\/revisions\/957"}],"wp:attachment":[{"href":"https:\/\/v2.kboom12.com\/en\/wp-json\/wp\/v2\/media?parent=92"}],"curies":[{"name":"wp","href":"https:\/\/api.w.org\/{rel}","templated":true}]}}