{"id":670,"date":"2025-04-14T18:05:45","date_gmt":"2025-04-14T23:05:45","guid":{"rendered":"https:\/\/v2.kboom12.com\/?page_id=670"},"modified":"2025-08-13T10:17:59","modified_gmt":"2025-08-13T15:17:59","slug":"av2-world-lenguajes","status":"publish","type":"page","link":"https:\/\/v2.kboom12.com\/en\/contenidos\/av2-world-lenguajes\/","title":{"rendered":"AV2 WORLD LENGUAJES"},"content":{"rendered":"<a href=\"https:\/\/v2.kboom12.com\/en\/contactenos\/\" target=\"_self\">\n\t\t\t\t\t\t\t<img loading=\"lazy\" decoding=\"async\" src=\"http:\/\/v2.kboom12.com\/wp-content\/uploads\/2025\/08\/av2-world.png\" alt=\"av2 world\" width=\"506\" height=\"360\" \/>\n\t\t\t\t\t\t<\/a>\n\t\t<h6>Idiomas ilimitados a solo un clic de distancia.<\/h6>\n\t\t\t\t<a href=\"https:\/\/v2.kboom12.com\/en\/contactenos\/\" role=\"button\" target=\"_self\">\n\t\t\t\t\t\t\t\t\t\tComienza Aqu\u00ed\t\t\t\t\t\t\t\t\t<\/a>\n\t\t\t\t<img decoding=\"async\" src=\"http:\/\/v2.kboom12.com\/wp-content\/uploads\/2025\/06\/WordLan_Portada.png\" alt=\"WordLan_Portada\" itemprop=\"image\" title=\"WordLan_Portada\" onerror=\"this.style.display='none'\" loading='lazy' \/>\n\t\t\n\t\t\t<p>Trabaje de la mano con un dise\u00f1o receptivo que funciona con todos los dispositivos y se adapta a todos los tama\u00f1os de pantalla, incluidas pizarras, tabletas y computadoras.<\/p>\t\t\n\t\t\n\t\t\t<p><strong>AV2 World Languages<\/strong> \u200b\u200bpermite a los estudiantes (desde preescolar hasta la escuela secundaria) explorar 110 t\u00edtulos en 16 idiomas diferentes con dise\u00f1os limpios y f\u00e1ciles de leer e im\u00e1genes cautivadoras en pantalla completa.Inspire a sus alumnos a hablar 16 idiomas diferentes, incluidos: \u00e1rabe, ingl\u00e9s, franc\u00e9s, alem\u00e1n, hindi, japon\u00e9s, coreano, mandar\u00edn, portugu\u00e9s, ruso, espa\u00f1ol, tagalo (filipino), urdu, swahili, Italiano y vietnamita con una combinaci\u00f3n de lectura innovadora, audio y video.<strong>Temas: Literatura, Ciencias, Salud, Historia, Arte y mucho mas!\u00a0<\/strong><\/p>\t\t\n\t\t\t\t<img decoding=\"async\" src=\"http:\/\/v2.kboom12.com\/wp-content\/uploads\/2025\/04\/006.png\" alt=\"006\" itemprop=\"image\" title=\"006\" onerror=\"this.style.display='none'\" loading='lazy' \/>\n\t\t\n\t\t\t<p>Libros interactivos atractivos dise\u00f1ados con la m\u00e1xima legibilidad en un solo lugar.<\/p>\t\t\n\t\t\t\t<h2>\u00a1SOLICITA TU DEMO!<\/h2>\n\t\tLleva la educaci\u00f3n al siguiente nivel\n\t\t\t\t<a href=\"https:\/\/v2.kboom12.com\/en\/contactenos\/\" role=\"button\" target=\"_self\">\n\t\t\t\t\t\t\t\t\t\tAqu\u00ed\t\t\t\t\t\t\t\t\t<\/a>\n\t\t<h4>\u00bfNecesita m\u00e1s informaci\u00f3n?<\/h4>\n\t\t\t<a href=\"https:\/\/v2.kboom12.com\/en\/contactenos\/\" target=\"_self\">\n\t\t\t\t\t\t\tCONT\u00c1CTENOS\n\t\t\t\t\t<\/a>","protected":false},"excerpt":{"rendered":"<p>Idiomas ilimitados a solo un clic de distancia. Comienza Aqu\u00ed Trabaje de la mano con un dise\u00f1o receptivo que funciona con todos los dispositivos y se adapta a todos los tama\u00f1os de pantalla, incluidas pizarras, tabletas y computadoras. AV2 World Languages \u200b\u200bpermite a los estudiantes (desde preescolar hasta la escuela secundaria) explorar 110 t\u00edtulos en [&hellip;]<\/p>\n","protected":false},"author":1,"featured_media":0,"parent":21,"menu_order":0,"comment_status":"closed","ping_status":"closed","template":"","meta":{"footnotes":""},"class_list":["post-670","page","type-page","status-publish","hentry"],"blocksy_meta":[],"_links":{"self":[{"href":"https:\/\/v2.kboom12.com\/en\/wp-json\/wp\/v2\/pages\/670","targetHints":{"allow":["GET"]}}],"collection":[{"href":"https:\/\/v2.kboom12.com\/en\/wp-json\/wp\/v2\/pages"}],"about":[{"href":"https:\/\/v2.kboom12.com\/en\/wp-json\/wp\/v2\/types\/page"}],"author":[{"embeddable":true,"href":"https:\/\/v2.kboom12.com\/en\/wp-json\/wp\/v2\/users\/1"}],"replies":[{"embeddable":true,"href":"https:\/\/v2.kboom12.com\/en\/wp-json\/wp\/v2\/comments?post=670"}],"version-history":[{"count":15,"href":"https:\/\/v2.kboom12.com\/en\/wp-json\/wp\/v2\/pages\/670\/revisions"}],"predecessor-version":[{"id":998,"href":"https:\/\/v2.kboom12.com\/en\/wp-json\/wp\/v2\/pages\/670\/revisions\/998"}],"up":[{"embeddable":true,"href":"https:\/\/v2.kboom12.com\/en\/wp-json\/wp\/v2\/pages\/21"}],"wp:attachment":[{"href":"https:\/\/v2.kboom12.com\/en\/wp-json\/wp\/v2\/media?parent=670"}],"curies":[{"name":"wp","href":"https:\/\/api.w.org\/{rel}","templated":true}]}}