{"id":536,"date":"2025-04-09T01:51:04","date_gmt":"2025-04-09T06:51:04","guid":{"rendered":"https:\/\/v2.kboom12.com\/?page_id=536"},"modified":"2025-07-07T18:21:00","modified_gmt":"2025-07-07T23:21:00","slug":"science","status":"publish","type":"page","link":"https:\/\/v2.kboom12.com\/en\/contenidos\/science\/","title":{"rendered":"SCIENCE"},"content":{"rendered":"<a href=\"https:\/\/v2.kboom12.com\/en\/contactenos\/\" target=\"_self\">\n\t\t\t\t\t\t\t<img loading=\"lazy\" decoding=\"async\" src=\"https:\/\/v2.kboom12.com\/wp-content\/uploads\/2025\/04\/Group-1362.png\" alt=\"Group 1362\" width=\"194\" height=\"88\" \/>\n\t\t\t\t\t\t<\/a>\n\t\t<h4>Inspira a tus estudiantes con la ciencia que mueve al mundo desde 1880<\/h4>\n\t\t\t\t<a href=\"https:\/\/v2.kboom12.com\/en\/contactenos\/\" role=\"button\" target=\"_self\">\n\t\t\t\t\t\t\t\t\t\tComienza Aqu\u00ed\t\t\t\t\t\t\t\t\t<\/a>\n\t\t\t\t<img decoding=\"async\" src=\"http:\/\/v2.kboom12.com\/wp-content\/uploads\/2025\/05\/Science.png\" alt=\"Science\" itemprop=\"image\" title=\"Science\" onerror=\"this.style.display='none'\" loading='lazy' \/>\n\t\t\n\t\t\t<p>Lidera en noticias cient\u00edficas e investigaciones. Ideal para informar a estudiantes sobre problemas globales e innovaciones revolucionarias.Ha estado en el centro de importantes descubrimientos cient\u00edficos desde su fundaci\u00f3n en 1880, con art\u00edculos, rese\u00f1as y comentarios f\u00e1ciles de leer, Science Journals informa a los estudiantes de todos los niveles sobre temas globales actuales e innovaciones cient\u00edficas revolucionarias.<\/p>\t\t\n\t\t\t\t<img decoding=\"async\" src=\"https:\/\/v2.kboom12.com\/wp-content\/uploads\/2025\/06\/Science.png\" alt=\"Science\" itemprop=\"image\" height=\"1080\" width=\"1080\" title=\"Science\" onerror=\"this.style.display='none'\" loading='lazy' \/>\n<h2>\n\t\t\tPublicaci\u00f3n nueva cada semana\t<\/h2>\n\t\t\t\t<figure><img decoding=\"async\" src=\"https:\/\/v2.kboom12.com\/wp-content\/uploads\/2025\/04\/Group-1915.png\" alt=\"Group 1915\"\/><\/figure>\n\t\t<h3>Beneficios para los estudiantes<\/h3><ul>\n<li>Desarrollo de t\u00e9cnicas de investigaci\u00f3n a partir de una fuente verificada y actual\u00a0<\/li>\n<li>Descubrimiento de varias \u00e1reas cient\u00edficas y avances en todas las industrias.\u00a0<\/li>\n<li>Fortalecimiento de la lectura cr\u00edtica\u00a0<\/li>\n<\/ul>\n\t\t\t\t<figure><img decoding=\"async\" src=\"https:\/\/v2.kboom12.com\/wp-content\/uploads\/2025\/04\/Group-1916.png\" alt=\"Group 1916\"\/><\/figure>\n\t\t<h3>Beneficios para los maestros<\/h3><ul>\n<li>Material de apoyo para todo tipo de asignaturas y trabajos\u00a0<\/li>\n<li>Fuente de informaci\u00f3n relevante y verificada para todo tipo de niveles y alumnos.\u00a0<\/li>\n<li>Promoci\u00f3n de la discusi\u00f3n dentro y fuera del aula con noticias relevantes\u00a0<\/li>\n<\/ul>\n\t\t\t\t<h2>\u00a1SOLICITA TU DEMO!<\/h2>\n\t\tLleva la educaci\u00f3n al siguiente nivel\n\t\t\t\t<a href=\"https:\/\/v2.kboom12.com\/en\/contactenos\/\" role=\"button\" target=\"_self\">\n\t\t\t\t\t\t\t\t\t\tAqu\u00ed\t\t\t\t\t\t\t\t\t<\/a>\n\t\t<h4>\u00bfNecesita m\u00e1s informaci\u00f3n?<\/h4>\n\t\t\t<a href=\"https:\/\/v2.kboom12.com\/en\/contactenos\/\" target=\"_self\">\n\t\t\t\t\t\t\tCONT\u00c1CTENOS\n\t\t\t\t\t<\/a>","protected":false},"excerpt":{"rendered":"<p>Inspira a tus estudiantes con la ciencia que mueve al mundo desde 1880 Comienza Aqu\u00ed Lidera en noticias cient\u00edficas e investigaciones. Ideal para informar a estudiantes sobre problemas globales e innovaciones revolucionarias.Ha estado en el centro de importantes descubrimientos cient\u00edficos desde su fundaci\u00f3n en 1880, con art\u00edculos, rese\u00f1as y comentarios f\u00e1ciles de leer, Science Journals [&hellip;]<\/p>\n","protected":false},"author":1,"featured_media":0,"parent":21,"menu_order":0,"comment_status":"closed","ping_status":"closed","template":"","meta":{"footnotes":""},"class_list":["post-536","page","type-page","status-publish","hentry"],"blocksy_meta":[],"_links":{"self":[{"href":"https:\/\/v2.kboom12.com\/en\/wp-json\/wp\/v2\/pages\/536","targetHints":{"allow":["GET"]}}],"collection":[{"href":"https:\/\/v2.kboom12.com\/en\/wp-json\/wp\/v2\/pages"}],"about":[{"href":"https:\/\/v2.kboom12.com\/en\/wp-json\/wp\/v2\/types\/page"}],"author":[{"embeddable":true,"href":"https:\/\/v2.kboom12.com\/en\/wp-json\/wp\/v2\/users\/1"}],"replies":[{"embeddable":true,"href":"https:\/\/v2.kboom12.com\/en\/wp-json\/wp\/v2\/comments?post=536"}],"version-history":[{"count":13,"href":"https:\/\/v2.kboom12.com\/en\/wp-json\/wp\/v2\/pages\/536\/revisions"}],"predecessor-version":[{"id":972,"href":"https:\/\/v2.kboom12.com\/en\/wp-json\/wp\/v2\/pages\/536\/revisions\/972"}],"up":[{"embeddable":true,"href":"https:\/\/v2.kboom12.com\/en\/wp-json\/wp\/v2\/pages\/21"}],"wp:attachment":[{"href":"https:\/\/v2.kboom12.com\/en\/wp-json\/wp\/v2\/media?parent=536"}],"curies":[{"name":"wp","href":"https:\/\/api.w.org\/{rel}","templated":true}]}}