{"id":534,"date":"2025-04-09T01:48:20","date_gmt":"2025-04-09T06:48:20","guid":{"rendered":"https:\/\/v2.kboom12.com\/?page_id=534"},"modified":"2025-08-13T10:19:17","modified_gmt":"2025-08-13T15:19:17","slug":"mailbox","status":"publish","type":"page","link":"https:\/\/v2.kboom12.com\/en\/contenidos\/mailbox\/","title":{"rendered":"MAILBOX"},"content":{"rendered":"<a href=\"https:\/\/v2.kboom12.com\/en\/contactenos\/\" target=\"_self\">\n\t\t\t\t\t\t\t<img loading=\"lazy\" decoding=\"async\" src=\"http:\/\/v2.kboom12.com\/wp-content\/uploads\/2025\/08\/mailbox.png\" alt=\"mailbox\" width=\"775\" height=\"300\" \/>\n\t\t\t\t\t\t<\/a>\n\t\t<h6>Creado por maestros para maestros. Mas de 52,000 ideas y actividades did\u00e1cticas para el aula: grados Pre-Kinder &#8211; 6\u00b0.<\/h6>\n\t\t\t\t<a href=\"https:\/\/v2.kboom12.com\/en\/contactenos\/\" role=\"button\" target=\"_self\">\n\t\t\t\t\t\t\t\t\t\tComienza Aqu\u00ed\t\t\t\t\t\t\t\t\t<\/a>\n\t\t\t\t<img decoding=\"async\" src=\"http:\/\/v2.kboom12.com\/wp-content\/uploads\/2025\/05\/TheMailBox.png\" alt=\"TheMailBox\" itemprop=\"image\" title=\"TheMailBox\" onerror=\"this.style.display='none'\" loading='lazy' \/>\n<h2>\n\t\t\tAlgunas de las caracter\u00edsticas clave incluyen:\t<\/h2>\n\t\t\n\t\t\t<p>Contenido creado por exdocentes para desarrollar habilidades clave y mejorar la gesti\u00f3n del<br \/>aula, esencial para una ense\u00f1anza eficaz.<\/p>\t\t\n\t\t\n\t\t\t<p>Cree y guarde planes de lecci\u00f3n personalizados con actividades, pr\u00e1cticas variadas y<br \/>evaluaciones para comprobar el aprendizaje.<\/p>\t\t\n\t\t\n\t\t\t<p>Los recursos incluyen hojas de trabajo, planes de lecciones, herramientas de gesti\u00f3n del aula y mucho m\u00e1s.\u00a0<\/p>\t\t\n\t\t\n\t\t\t<p>Acceso ilimitado y simult\u00e1neo para toda la instituci\u00f3n.<\/p>\t\t\n\t\t\n\t\t\t<p>Se agregan nuevas ideas y actividades cada mes sin costo adicional.<\/p>\t\t\n\t\t\t\t<h2>\u00a1SOLICITA TU DEMO!<\/h2>\n\t\tLleva la educaci\u00f3n al siguiente nivel\n\t\t\t\t<a href=\"https:\/\/v2.kboom12.com\/en\/contactenos\/\" role=\"button\" target=\"_self\">\n\t\t\t\t\t\t\t\t\t\tAqu\u00ed\t\t\t\t\t\t\t\t\t<\/a>\n\t\t<h4>\u00bfNecesita m\u00e1s informaci\u00f3n?<\/h4>\n\t\t\t<a href=\"https:\/\/v2.kboom12.com\/en\/contactenos\/\" target=\"_self\">\n\t\t\t\t\t\t\tCONT\u00c1CTENOS\n\t\t\t\t\t<\/a>","protected":false},"excerpt":{"rendered":"<p>Creado por maestros para maestros. Mas de 52,000 ideas y actividades did\u00e1cticas para el aula: grados Pre-Kinder &#8211; 6\u00b0. Comienza Aqu\u00ed Algunas de las caracter\u00edsticas clave incluyen: Contenido creado por exdocentes para desarrollar habilidades clave y mejorar la gesti\u00f3n delaula, esencial para una ense\u00f1anza eficaz. Cree y guarde planes de lecci\u00f3n personalizados con actividades, pr\u00e1cticas [&hellip;]<\/p>\n","protected":false},"author":1,"featured_media":0,"parent":21,"menu_order":0,"comment_status":"closed","ping_status":"closed","template":"","meta":{"footnotes":""},"class_list":["post-534","page","type-page","status-publish","hentry"],"blocksy_meta":[],"_links":{"self":[{"href":"https:\/\/v2.kboom12.com\/en\/wp-json\/wp\/v2\/pages\/534","targetHints":{"allow":["GET"]}}],"collection":[{"href":"https:\/\/v2.kboom12.com\/en\/wp-json\/wp\/v2\/pages"}],"about":[{"href":"https:\/\/v2.kboom12.com\/en\/wp-json\/wp\/v2\/types\/page"}],"author":[{"embeddable":true,"href":"https:\/\/v2.kboom12.com\/en\/wp-json\/wp\/v2\/users\/1"}],"replies":[{"embeddable":true,"href":"https:\/\/v2.kboom12.com\/en\/wp-json\/wp\/v2\/comments?post=534"}],"version-history":[{"count":16,"href":"https:\/\/v2.kboom12.com\/en\/wp-json\/wp\/v2\/pages\/534\/revisions"}],"predecessor-version":[{"id":1000,"href":"https:\/\/v2.kboom12.com\/en\/wp-json\/wp\/v2\/pages\/534\/revisions\/1000"}],"up":[{"embeddable":true,"href":"https:\/\/v2.kboom12.com\/en\/wp-json\/wp\/v2\/pages\/21"}],"wp:attachment":[{"href":"https:\/\/v2.kboom12.com\/en\/wp-json\/wp\/v2\/media?parent=534"}],"curies":[{"name":"wp","href":"https:\/\/api.w.org\/{rel}","templated":true}]}}