{"id":531,"date":"2025-04-09T01:46:44","date_gmt":"2025-04-09T06:46:44","guid":{"rendered":"https:\/\/v2.kboom12.com\/?page_id=531"},"modified":"2025-07-07T18:18:27","modified_gmt":"2025-07-07T23:18:27","slug":"learn360","status":"publish","type":"page","link":"https:\/\/v2.kboom12.com\/en\/contenidos\/learn360\/","title":{"rendered":"LEARN360"},"content":{"rendered":"<a href=\"https:\/\/v2.kboom12.com\/en\/contactenos\/\" target=\"_self\">\n\t\t\t\t\t\t\t<img loading=\"lazy\" decoding=\"async\" src=\"https:\/\/v2.kboom12.com\/wp-content\/uploads\/2025\/04\/Image-38.png\" alt=\"Image 38\" width=\"242\" height=\"97\" \/>\n\t\t\t\t\t\t<\/a>\n\t\t<h6>Learn360 es un recurso multimedia para escuelas K-12 con acceso a m\u00e1s de 191,500 recursos en cualquier momento y lugar.<\/h6>\n\t\t\t\t<a href=\"https:\/\/v2.kboom12.com\/en\/contactenos\/\" role=\"button\" target=\"_self\">\n\t\t\t\t\t\t\t\t\t\tComienza Aqu\u00ed\t\t\t\t\t\t\t\t\t<\/a>\n\t\t\t\t<img decoding=\"async\" src=\"http:\/\/v2.kboom12.com\/wp-content\/uploads\/2025\/05\/Learn360.png\" alt=\"Learn360\" itemprop=\"image\" title=\"Learn360\" onerror=\"this.style.display='none'\" loading='lazy' \/>\n\t\t\t\t<img decoding=\"async\" src=\"https:\/\/v2.kboom12.com\/wp-content\/uploads\/2025\/06\/Learn360.png\" alt=\"Learn360\" itemprop=\"image\" height=\"1080\" width=\"1080\" title=\"Learn360\" onerror=\"this.style.display='none'\" loading='lazy' \/>\n\t\t\n\t\t\t<p>Muchos videos, actividades interactivas, imprimibles, contenido de audio, mapas, banderas y m\u00e1s complementan lo que los educadores ense\u00f1an en clase y refuerzan lo que los estudiantes han aprendido para ayudarlos con la tarea y la investigaci\u00f3n.\u00a0<\/p>\t\t\n\t\t\n\t\t\t<p>La plataforma mejorada y avanzada de <strong>Learn360<\/strong> la convierte en una herramienta poderosa para aulas invertidas, instrucci\u00f3n combinada, aprendizaje basado en proyectos y entornos. \u00a1Todos los estudiantes, incluidos los de educaci\u00f3n especial, disfrutar\u00e1n y aprender\u00e1n con <strong>Learn360<\/strong>!\u00a0<\/p>\t\t\n\t\t\t\t<img decoding=\"async\" src=\"https:\/\/v2.kboom12.com\/wp-content\/uploads\/2025\/04\/teacher-student-high-view.png\" alt=\"teacher-student-high-view\" itemprop=\"image\" height=\"453\" width=\"678\" title=\"teacher-student-high-view\" onerror=\"this.style.display='none'\" loading='lazy' \/>\n\t\t\n\t\t\t<p>\u00abEsta es la generaci\u00f3n de YouTube&#8230; Estos ni\u00f1os est\u00e1n muy orientados a ver contenido en l\u00ednea. Learn360 capta su atenci\u00f3n porque es un medio con el que est\u00e1n familiarizados\u00bb.\u00a0<\/p>\t\t\n\t\t\n\t\t\t<p>Los profesores, estudiantes y padres pueden acceder a m\u00e1s de 182 000 recursos multimedia en cualquier dispositivo, en cualquier momento y en cualquier lugar.\u00a0<\/p>\t\t\n\t\t\t\t<img decoding=\"async\" src=\"https:\/\/v2.kboom12.com\/wp-content\/uploads\/2025\/04\/010-1.png\" alt=\"010\" itemprop=\"image\" height=\"570\" width=\"697\" title=\"010\" onerror=\"this.style.display='none'\" loading='lazy' \/>\n<h2>\n\t\t\tM\u00e1s de 560 proveedores de contenido como:\t<\/h2>\n\t\t\t\t<img decoding=\"async\" src=\"https:\/\/v2.kboom12.com\/wp-content\/uploads\/2025\/06\/Learn360_Logos.png\" alt=\"Learn360_Logos\" itemprop=\"image\" height=\"500\" width=\"1080\" title=\"Learn360_Logos\" onerror=\"this.style.display='none'\" loading='lazy' \/>\n\t\t<h4>Learn360 actualmente atiende a m\u00e1s de 22 millones de estudiantes en m\u00e1s de 26,000 escuelas en todo el mundo.<\/h4>\n\t\t<iframe loading=\"lazy\" width=\"560\" height=\"315\" src=\"https:\/\/www.youtube.com\/embed\/nt0_wg0xpb0?si=bRl5Upsbd4ErcuUN\" title=\"YouTube video player\" frameborder=\"0\" allow=\"accelerometer; autoplay; clipboard-write; encrypted-media; gyroscope; picture-in-picture; web-share\" referrerpolicy=\"strict-origin-when-cross-origin\" allowfullscreen><\/iframe>\t\n\t\t\t\t<h2>\u00a1SOLICITA TU DEMO!<\/h2>\n\t\tLleva la educaci\u00f3n al siguiente nivel\n\t\t\t\t<a href=\"https:\/\/v2.kboom12.com\/en\/contactenos\/\" role=\"button\" target=\"_self\">\n\t\t\t\t\t\t\t\t\t\tAqu\u00ed\t\t\t\t\t\t\t\t\t<\/a>\n\t\t<h4>\u00bfNecesita m\u00e1s informaci\u00f3n?<\/h4>\n\t\t\t<a href=\"https:\/\/v2.kboom12.com\/en\/contactenos\/\" target=\"_self\">\n\t\t\t\t\t\t\tCONT\u00c1CTENOS\n\t\t\t\t\t<\/a>","protected":false},"excerpt":{"rendered":"<p>Learn360 es un recurso multimedia para escuelas K-12 con acceso a m\u00e1s de 191,500 recursos en cualquier momento y lugar. Comienza Aqu\u00ed Muchos videos, actividades interactivas, imprimibles, contenido de audio, mapas, banderas y m\u00e1s complementan lo que los educadores ense\u00f1an en clase y refuerzan lo que los estudiantes han aprendido para ayudarlos con la tarea [&hellip;]<\/p>\n","protected":false},"author":1,"featured_media":0,"parent":21,"menu_order":0,"comment_status":"closed","ping_status":"closed","template":"","meta":{"footnotes":""},"class_list":["post-531","page","type-page","status-publish","hentry"],"blocksy_meta":[],"_links":{"self":[{"href":"https:\/\/v2.kboom12.com\/en\/wp-json\/wp\/v2\/pages\/531","targetHints":{"allow":["GET"]}}],"collection":[{"href":"https:\/\/v2.kboom12.com\/en\/wp-json\/wp\/v2\/pages"}],"about":[{"href":"https:\/\/v2.kboom12.com\/en\/wp-json\/wp\/v2\/types\/page"}],"author":[{"embeddable":true,"href":"https:\/\/v2.kboom12.com\/en\/wp-json\/wp\/v2\/users\/1"}],"replies":[{"embeddable":true,"href":"https:\/\/v2.kboom12.com\/en\/wp-json\/wp\/v2\/comments?post=531"}],"version-history":[{"count":23,"href":"https:\/\/v2.kboom12.com\/en\/wp-json\/wp\/v2\/pages\/531\/revisions"}],"predecessor-version":[{"id":970,"href":"https:\/\/v2.kboom12.com\/en\/wp-json\/wp\/v2\/pages\/531\/revisions\/970"}],"up":[{"embeddable":true,"href":"https:\/\/v2.kboom12.com\/en\/wp-json\/wp\/v2\/pages\/21"}],"wp:attachment":[{"href":"https:\/\/v2.kboom12.com\/en\/wp-json\/wp\/v2\/media?parent=531"}],"curies":[{"name":"wp","href":"https:\/\/api.w.org\/{rel}","templated":true}]}}