{"id":529,"date":"2025-04-09T01:46:04","date_gmt":"2025-04-09T06:46:04","guid":{"rendered":"https:\/\/v2.kboom12.com\/?page_id=529"},"modified":"2025-07-07T18:17:12","modified_gmt":"2025-07-07T23:17:12","slug":"eye-discover","status":"publish","type":"page","link":"https:\/\/v2.kboom12.com\/en\/contenidos\/eye-discover\/","title":{"rendered":"EYE DISCOVER"},"content":{"rendered":"<a href=\"\" target=\"_self\">\n\t\t\t\t\t\t\t<img loading=\"lazy\" decoding=\"async\" src=\"https:\/\/v2.kboom12.com\/wp-content\/uploads\/2025\/04\/Group-1328.png\" alt=\"Group 1328\" width=\"125\" height=\"127\" \/>\n\t\t\t\t\t\t<\/a>\n\t\t<h6>EyeDiscover es una plataforma de lectura digital para estudiantes de Pre-Kinder a segundo grado o con niveles iniciales de lectura.<\/h6>\n\t\t\t\t<a href=\"\" role=\"button\" target=\"_self\">\n\t\t\t\t\t\t\t\t\t\tComienza Aqu\u00ed\t\t\t\t\t\t\t\t\t<\/a>\n\t\t\t\t<img decoding=\"async\" src=\"http:\/\/v2.kboom12.com\/wp-content\/uploads\/2025\/05\/EyeDiscover.png\" alt=\"EyeDiscover\" itemprop=\"image\" title=\"EyeDiscover\" onerror=\"this.style.display='none'\" loading='lazy' \/>\n\t\t\n\t\t\t<p><strong>EyeDiscover<\/strong> ofrece lectura en voz alta con videos que sincronizan texto y audio en cada p\u00e1gina, ayudando a los estudiantes a aprender f\u00e1cilmente. Dise\u00f1ado para inspirar y motivar a los ni\u00f1os de forma innovadora.<\/p>\t\t\n\t\t\t\t<img decoding=\"async\" src=\"http:\/\/v2.kboom12.com\/wp-content\/uploads\/2025\/04\/007-1.png\" alt=\"007\" itemprop=\"image\" title=\"007\" onerror=\"this.style.display='none'\" loading='lazy' \/>\n<h5>\n\t\t\tLa lecturas \u00f3pticas de EyeDiscover Optic cobran vida con&#8230;\t<\/h5>\n\t\t<h4>Audio<\/h4>\n\t\t\t<p>Escucha todo el libro le\u00eddo en voz alta.\u00a0<\/p>\t\t\n\t\t\t\t<img decoding=\"async\" src=\"http:\/\/v2.kboom12.com\/wp-content\/uploads\/2025\/04\/Group-1904.png\" alt=\"Group 1904\" itemprop=\"image\" title=\"Group 1904\" onerror=\"this.style.display='none'\" loading='lazy' \/>\n\t\t<h4>Video<\/h4>\n\t\t\t<p>Los videos de alta resoluci\u00f3n convierten cada extensi\u00f3n en una lectura \u00f3ptica.\u00a0<\/p>\t\t\n\t\t\t\t<img decoding=\"async\" src=\"http:\/\/v2.kboom12.com\/wp-content\/uploads\/2025\/04\/Group-1905.png\" alt=\"Group 1905\" itemprop=\"image\" title=\"Group 1905\" onerror=\"this.style.display='none'\" loading='lazy' \/>\n\t\t<h4>Optimizaci\u00f3n<\/h4>\n\t\t\t<p>\u00dasalo con iPads, tabletas, pizarras, computadoras y mucho m\u00e1s.\u00a0<\/p>\t\t\n\t\t\t\t<img decoding=\"async\" src=\"http:\/\/v2.kboom12.com\/wp-content\/uploads\/2025\/04\/Group-1906.png\" alt=\"Group 1906\" itemprop=\"image\" title=\"Group 1906\" onerror=\"this.style.display='none'\" loading='lazy' \/>\n\t\t<iframe loading=\"lazy\" width=\"560\" height=\"315\" src=\"https:\/\/www.youtube.com\/embed\/CiyvsBNJuKo?si=yp2c0i0Dg6ns02rq\" title=\"YouTube video player\" frameborder=\"0\" allow=\"accelerometer; autoplay; clipboard-write; encrypted-media; gyroscope; picture-in-picture; web-share\" referrerpolicy=\"strict-origin-when-cross-origin\" allowfullscreen><\/iframe>\t\n\t\t\t\t<h2>\u00a1SOLICITA TU DEMO!<\/h2>\n\t\tLleva la educaci\u00f3n al siguiente nivel\n\t\t\t\t<a href=\"https:\/\/v2.kboom12.com\/en\/contactenos\/\" role=\"button\" target=\"_self\">\n\t\t\t\t\t\t\t\t\t\tAqu\u00ed\t\t\t\t\t\t\t\t\t<\/a>\n\t\t<h4>\u00bfNecesita m\u00e1s informaci\u00f3n?<\/h4>\n\t\t\t<a href=\"https:\/\/v2.kboom12.com\/en\/contactenos\/\" target=\"_self\">\n\t\t\t\t\t\t\tCONT\u00c1CTENOS\n\t\t\t\t\t<\/a>","protected":false},"excerpt":{"rendered":"<p>EyeDiscover es una plataforma de lectura digital para estudiantes de Pre-Kinder a segundo grado o con niveles iniciales de lectura. Comienza Aqu\u00ed EyeDiscover ofrece lectura en voz alta con videos que sincronizan texto y audio en cada p\u00e1gina, ayudando a los estudiantes a aprender f\u00e1cilmente. Dise\u00f1ado para inspirar y motivar a los ni\u00f1os de forma [&hellip;]<\/p>\n","protected":false},"author":1,"featured_media":0,"parent":21,"menu_order":0,"comment_status":"closed","ping_status":"closed","template":"","meta":{"footnotes":""},"class_list":["post-529","page","type-page","status-publish","hentry"],"blocksy_meta":[],"_links":{"self":[{"href":"https:\/\/v2.kboom12.com\/en\/wp-json\/wp\/v2\/pages\/529","targetHints":{"allow":["GET"]}}],"collection":[{"href":"https:\/\/v2.kboom12.com\/en\/wp-json\/wp\/v2\/pages"}],"about":[{"href":"https:\/\/v2.kboom12.com\/en\/wp-json\/wp\/v2\/types\/page"}],"author":[{"embeddable":true,"href":"https:\/\/v2.kboom12.com\/en\/wp-json\/wp\/v2\/users\/1"}],"replies":[{"embeddable":true,"href":"https:\/\/v2.kboom12.com\/en\/wp-json\/wp\/v2\/comments?post=529"}],"version-history":[{"count":15,"href":"https:\/\/v2.kboom12.com\/en\/wp-json\/wp\/v2\/pages\/529\/revisions"}],"predecessor-version":[{"id":969,"href":"https:\/\/v2.kboom12.com\/en\/wp-json\/wp\/v2\/pages\/529\/revisions\/969"}],"up":[{"embeddable":true,"href":"https:\/\/v2.kboom12.com\/en\/wp-json\/wp\/v2\/pages\/21"}],"wp:attachment":[{"href":"https:\/\/v2.kboom12.com\/en\/wp-json\/wp\/v2\/media?parent=529"}],"curies":[{"name":"wp","href":"https:\/\/api.w.org\/{rel}","templated":true}]}}