{"id":526,"date":"2025-04-09T01:45:05","date_gmt":"2025-04-09T06:45:05","guid":{"rendered":"https:\/\/v2.kboom12.com\/?page_id=526"},"modified":"2025-08-13T10:31:01","modified_gmt":"2025-08-13T15:31:01","slug":"classrom","status":"publish","type":"page","link":"https:\/\/v2.kboom12.com\/en\/contenidos\/classrom\/","title":{"rendered":"CLASSROM"},"content":{"rendered":"<a href=\"https:\/\/v2.kboom12.com\/en\/contactenos\/\" target=\"_self\">\n\t\t\t\t\t\t\t<img loading=\"lazy\" decoding=\"async\" src=\"http:\/\/v2.kboom12.com\/wp-content\/uploads\/2025\/07\/Logos_kboom300x300-04.png\" alt=\"Logos_kboom300x300-04\" width=\"3405\" height=\"1322\" \/>\n\t\t\t\t\t\t<\/a>\n\t\t<h6>\u00a1Mas de 300,000 documentales, pel\u00edculas y videos instruccionales!  Creado especialmente para estudiantes de secundaria.<\/h6>\n\t\t\t\t<a href=\"https:\/\/v2.kboom12.com\/en\/contactenos\/\" role=\"button\" target=\"_self\">\n\t\t\t\t\t\t\t\t\t\tComienza Aqu\u00ed\t\t\t\t\t\t\t\t\t<\/a>\n\t\t\t\t<img decoding=\"async\" src=\"http:\/\/v2.kboom12.com\/wp-content\/uploads\/2025\/05\/ClassRoomVideo-1.png\" alt=\"ClassRoomVideo\" itemprop=\"image\" title=\"ClassRoomVideo\" onerror=\"this.style.display='none'\" loading='lazy' \/>\n\t\t\n\t\t\t<p>Estimule y refuerce las clases magistrales, introduzca nuevos temas y fomente un debate abierto sobre temas clave.\u00a0<\/p>\t\t\n\t\t\n\t\t\t<p><b>Classroom Video On Demand<\/b> (para grados 6\u00b0 a 11\/12\u00b0) es una plataforma educativa de transmisi\u00f3n de video centrada en el plan de estudios, que ofrece acceso ilimitado a miles de videos. Proporciona material para cursos desde nivel b\u00e1sico hasta avanzado, con funciones personalizables para controlar el contenido. \u00a1Aproveche las ayudas visuales para potenciar el aprendizaje!\u00a0\u00a0El video inspira y atrae a los estudiantes y asi puede desarrollar el potencial para un aprendizaje m\u00e1s profundo del tema.\u00a0<strong>Temas: Literatura, Ciencias, Salud, Historia, Arte y mucho mas!\u00a0<\/strong><\/p>\t\t\n\t\t\t\t<img decoding=\"async\" src=\"https:\/\/v2.kboom12.com\/wp-content\/uploads\/2025\/05\/ClassRoomVideo.png\" alt=\"ClassRoomVideo\" itemprop=\"image\" height=\"1080\" width=\"1080\" title=\"ClassRoomVideo\" onerror=\"this.style.display='none'\" loading='lazy' \/>\n\t\t<h2>\n\t\t\tBeneficios de Classroom Video On Demand\n\t\t<\/h2>\n\t\t\n\t\t\t<p>Cree y comparta listas de reproducci\u00f3n utilizando clips prefabricados, videos completos o segmentos personalizados<\/p>\u00a0\t\t\n\t\t\n\t\t\t<p>Utilice segmentos para ense\u00f1ar exactamente lo que desea y mantenga la informaci\u00f3n extremadamente relevante: \u00a1breve y concisa!<\/p>\n\t\t\n\t\t\t<p>La herramienta de cuestionario aumenta la participaci\u00f3n de los estudiantes y eval\u00faa el progreso.<\/p>\u00a0\t\t\n\t\t\n\t\t\t<p>Proporcione inspiraci\u00f3n y material para trabajos de investigaci\u00f3n, proyectos y presentaciones.<\/p>\n\t\t\n\t\t\t<p>Subt\u00edtulos y transcripciones interactivas con capacidad de b\u00fasqueda en todos los t\u00edtulos.\u00a0<\/p>\n\t\t\n\t\t\t<p>Calendario mensual para sugerencias e ideas de investigaci\u00f3n significativas.<\/p>\n\t\t\n\t\t\t<p>Opciones de integraci\u00f3n y socios, incluidos Schoology, itsLearning, Canvas y D2L.<\/p>\n\t\t\n\t\t\t<p>Correlacionado con todos los est\u00e1ndares educativos principales.<\/p>\n\t\t\n\t\t\t<p>Google Translate en todas las descripciones, transcripciones y navegaci\u00f3n.<\/p>\n\t\t\n\t\t\t<p>Portal de administraci\u00f3n s\u00f3lido y centro de soporte.<\/p>\n\t\t\n\t\t\t<p>Inicio de sesi\u00f3n \u00fanico (Clever, ClassLink, Microsoft, Google).<\/p>\n\t\t\n\t\t\t<p>Se agrega contenido nuevo y diverso con regularidad.<\/p>\n\t\t\n\t\t\t<p>Citas din\u00e1micas en m\u00faltiples formatos.<\/p>\n<h2>\n\t\t\tReconocidos productores de video como:\t<\/h2>\n\t\t\t\t<img decoding=\"async\" src=\"https:\/\/v2.kboom12.com\/wp-content\/uploads\/2025\/06\/Classroom.png\" alt=\"Classroom\" itemprop=\"image\" height=\"1000\" width=\"1080\" title=\"Classroom\" onerror=\"this.style.display='none'\" loading='lazy' \/>\n\t\t\t\t<h2>\u00a1SOLICITA TU DEMO!<\/h2>\n\t\tLleva la educaci\u00f3n al siguiente nivel\n\t\t\t\t<a href=\"https:\/\/v2.kboom12.com\/en\/contactenos\/\" role=\"button\" target=\"_self\">\n\t\t\t\t\t\t\t\t\t\tAqu\u00ed\t\t\t\t\t\t\t\t\t<\/a>\n\t\t<h4>\u00bfNecesita m\u00e1s informaci\u00f3n?<\/h4>\n\t\t\t<a href=\"https:\/\/v2.kboom12.com\/en\/contactenos\/\" target=\"_self\">\n\t\t\t\t\t\t\tCONT\u00c1CTENOS\n\t\t\t\t\t<\/a>","protected":false},"excerpt":{"rendered":"<p>\u00a1Mas de 300,000 documentales, pel\u00edculas y videos instruccionales! Creado especialmente para estudiantes de secundaria. Comienza Aqu\u00ed Estimule y refuerce las clases magistrales, introduzca nuevos temas y fomente un debate abierto sobre temas clave.\u00a0 Classroom Video On Demand (para grados 6\u00b0 a 11\/12\u00b0) es una plataforma educativa de transmisi\u00f3n de video centrada en el plan de [&hellip;]<\/p>\n","protected":false},"author":1,"featured_media":0,"parent":21,"menu_order":0,"comment_status":"closed","ping_status":"closed","template":"","meta":{"footnotes":""},"class_list":["post-526","page","type-page","status-publish","hentry"],"blocksy_meta":[],"_links":{"self":[{"href":"https:\/\/v2.kboom12.com\/en\/wp-json\/wp\/v2\/pages\/526","targetHints":{"allow":["GET"]}}],"collection":[{"href":"https:\/\/v2.kboom12.com\/en\/wp-json\/wp\/v2\/pages"}],"about":[{"href":"https:\/\/v2.kboom12.com\/en\/wp-json\/wp\/v2\/types\/page"}],"author":[{"embeddable":true,"href":"https:\/\/v2.kboom12.com\/en\/wp-json\/wp\/v2\/users\/1"}],"replies":[{"embeddable":true,"href":"https:\/\/v2.kboom12.com\/en\/wp-json\/wp\/v2\/comments?post=526"}],"version-history":[{"count":14,"href":"https:\/\/v2.kboom12.com\/en\/wp-json\/wp\/v2\/pages\/526\/revisions"}],"predecessor-version":[{"id":1006,"href":"https:\/\/v2.kboom12.com\/en\/wp-json\/wp\/v2\/pages\/526\/revisions\/1006"}],"up":[{"embeddable":true,"href":"https:\/\/v2.kboom12.com\/en\/wp-json\/wp\/v2\/pages\/21"}],"wp:attachment":[{"href":"https:\/\/v2.kboom12.com\/en\/wp-json\/wp\/v2\/media?parent=526"}],"curies":[{"name":"wp","href":"https:\/\/api.w.org\/{rel}","templated":true}]}}