{"id":520,"date":"2025-04-09T01:43:32","date_gmt":"2025-04-09T06:43:32","guid":{"rendered":"https:\/\/v2.kboom12.com\/?page_id=520"},"modified":"2025-07-07T18:15:05","modified_gmt":"2025-07-07T23:15:05","slug":"av2","status":"publish","type":"page","link":"https:\/\/v2.kboom12.com\/en\/contenidos\/av2\/","title":{"rendered":"AV2"},"content":{"rendered":"<a href=\"https:\/\/v2.kboom12.com\/en\/contactenos\/\" target=\"_self\">\n\t\t\t\t\t\t\t<img loading=\"lazy\" decoding=\"async\" src=\"https:\/\/v2.kboom12.com\/wp-content\/uploads\/2025\/04\/Group-1309.png\" alt=\"Group 1309\" width=\"278\" height=\"137\" \/>\n\t\t\t\t\t\t<\/a>\n\t\t<h6>Disfruta de una experiencia multisensorial a trav\u00e9s de una amplia colecci\u00f3n de t\u00edtulos de ficci\u00f3n y no ficci\u00f3n.<\/h6>\n\t\t\t\t<a href=\"https:\/\/v2.kboom12.com\/en\/contactenos\/\" role=\"button\" target=\"_self\">\n\t\t\t\t\t\t\t\t\t\tComienza Aqu\u00ed\t\t\t\t\t\t\t\t\t<\/a>\n\t\t\t\t<img decoding=\"async\" src=\"http:\/\/v2.kboom12.com\/wp-content\/uploads\/2025\/05\/AV2.png\" alt=\"AV2\" itemprop=\"image\" title=\"AV2\" onerror=\"this.style.display='none'\" loading='lazy' \/>\n\t\t\n\t\t\t<p>Proporciona a los lectores una amplia gama de temas de categor\u00edas tales como: animales, deportes, lenguaje, artes visuales, ciencias, estudios sociales y alto inter\u00e9s.<\/p>\t\t\n\t\t\n\t\t\t<p><strong>Av2<\/strong> proporciona a los estudiantes lecturas narradas profesionalmente combinadas con efectos de sonido, texto, actividades, gr\u00e1ficos reales y mucho m\u00e1s.<\/p>\n<p>Los libros vienen repletos de caracter\u00edsticas digitales que dan vida al texto y fomentan una mayor exploraci\u00f3n.<\/p>\n\t\t\t\t<img decoding=\"async\" src=\"https:\/\/v2.kboom12.com\/wp-content\/uploads\/2025\/05\/Av2_AzulCeleste.png\" alt=\"Av2_AzulCeleste\" itemprop=\"image\" height=\"3987\" width=\"5036\" title=\"Av2_AzulCeleste\" onerror=\"this.style.display='none'\" loading='lazy' \/>\n\t\t\n\t\t\t<p>Involucrando a las mentes j\u00f3venes con recursos interactivos y de calidad\u00a0<\/p>\t\t\n\t\t\t\t<h2>\u00a1SOLICITA TU DEMO!<\/h2>\n\t\tLleva la educaci\u00f3n al siguiente nivel\n\t\t\t\t<a href=\"https:\/\/v2.kboom12.com\/en\/contactenos\/\" role=\"button\" target=\"_self\">\n\t\t\t\t\t\t\t\t\t\tAqu\u00ed\t\t\t\t\t\t\t\t\t<\/a>\n\t\t<h4>\u00bfNecesita m\u00e1s informaci\u00f3n?<\/h4>\n\t\t\t<a href=\"https:\/\/v2.kboom12.com\/en\/contactenos\/\" target=\"_self\">\n\t\t\t\t\t\t\tCONT\u00c1CTENOS\n\t\t\t\t\t<\/a>","protected":false},"excerpt":{"rendered":"<p>Disfruta de una experiencia multisensorial a trav\u00e9s de una amplia colecci\u00f3n de t\u00edtulos de ficci\u00f3n y no ficci\u00f3n. Comienza Aqu\u00ed Proporciona a los lectores una amplia gama de temas de categor\u00edas tales como: animales, deportes, lenguaje, artes visuales, ciencias, estudios sociales y alto inter\u00e9s. Av2 proporciona a los estudiantes lecturas narradas profesionalmente combinadas con efectos [&hellip;]<\/p>\n","protected":false},"author":1,"featured_media":0,"parent":21,"menu_order":0,"comment_status":"closed","ping_status":"closed","template":"","meta":{"footnotes":""},"class_list":["post-520","page","type-page","status-publish","hentry"],"blocksy_meta":[],"_links":{"self":[{"href":"https:\/\/v2.kboom12.com\/en\/wp-json\/wp\/v2\/pages\/520","targetHints":{"allow":["GET"]}}],"collection":[{"href":"https:\/\/v2.kboom12.com\/en\/wp-json\/wp\/v2\/pages"}],"about":[{"href":"https:\/\/v2.kboom12.com\/en\/wp-json\/wp\/v2\/types\/page"}],"author":[{"embeddable":true,"href":"https:\/\/v2.kboom12.com\/en\/wp-json\/wp\/v2\/users\/1"}],"replies":[{"embeddable":true,"href":"https:\/\/v2.kboom12.com\/en\/wp-json\/wp\/v2\/comments?post=520"}],"version-history":[{"count":9,"href":"https:\/\/v2.kboom12.com\/en\/wp-json\/wp\/v2\/pages\/520\/revisions"}],"predecessor-version":[{"id":967,"href":"https:\/\/v2.kboom12.com\/en\/wp-json\/wp\/v2\/pages\/520\/revisions\/967"}],"up":[{"embeddable":true,"href":"https:\/\/v2.kboom12.com\/en\/wp-json\/wp\/v2\/pages\/21"}],"wp:attachment":[{"href":"https:\/\/v2.kboom12.com\/en\/wp-json\/wp\/v2\/media?parent=520"}],"curies":[{"name":"wp","href":"https:\/\/api.w.org\/{rel}","templated":true}]}}