{"id":481,"date":"2025-04-09T01:14:50","date_gmt":"2025-04-09T06:14:50","guid":{"rendered":"https:\/\/v2.kboom12.com\/?page_id=481"},"modified":"2025-08-14T11:38:04","modified_gmt":"2025-08-14T16:38:04","slug":"textbook-tracker","status":"publish","type":"page","link":"https:\/\/v2.kboom12.com\/en\/tecnologias\/textbook-tracker\/","title":{"rendered":"TEXTBOOK TRACKER"},"content":{"rendered":"<a href=\"https:\/\/v2.kboom12.com\/en\/contactenos\/\" target=\"_self\">\n\t\t\t\t\t\t\t<img loading=\"lazy\" decoding=\"async\" src=\"http:\/\/v2.kboom12.com\/wp-content\/uploads\/2025\/08\/textbook.png\" alt=\"textbook\" width=\"2381\" height=\"455\" \/>\n\t\t\t\t\t\t<\/a>\n\t\t<h6>TEXTBOOK TRACKER ES UNA SOLUCI\u00d3N DE ADMINISTRACI\u00d3N DE ACTIVOS.<\/h6>\n\t\t\t\t<a href=\"https:\/\/v2.kboom12.com\/en\/contactenos\/\" role=\"button\" target=\"_self\">\n\t\t\t\t\t\t\t\t\t\tComienza Aqu\u00ed\t\t\t\t\t\t\t\t\t<\/a>\n\t\t\t\t<img decoding=\"async\" src=\"http:\/\/v2.kboom12.com\/wp-content\/uploads\/2025\/06\/TextBook_Portada.png\" alt=\"TextBook_Portada\" itemprop=\"image\" title=\"TextBook_Portada\" onerror=\"this.style.display='none'\" loading='lazy' \/>\n\t\t\n\t\t\t<p>\u00a1La administraci\u00f3n de activos administra su presupuesto!\u00a0<\/p>\t\t\n\t\t\n\t\t\t<p>Basada en la web con todas las funciones que brinda la comodidad de todo lo que necesita, desde la circulaci\u00f3n hasta la generaci\u00f3n de informes, en una aplicaci\u00f3n accesible en cualquier dispositivo con acceso a Internet.\u00a0\u00bfTiene un inventario centralizado o distribuido? \u00a1Nuestra soluci\u00f3n alojada en la nube hace que sea lo m\u00e1s simple posible administrar sus activos a su manera en muy poco tiempo!\u00a0Incluso si no tiene personal de TI dedicado, Textbook Tracker con tecnolog\u00eda de Alexandria\u2122 es una gesti\u00f3n de activos dise\u00f1ada para que sea muy f\u00e1cil de configurar, administrar y mantener.\u00a0<\/p>\t\t\n\t\t\t\t<img decoding=\"async\" src=\"https:\/\/v2.kboom12.com\/wp-content\/uploads\/2025\/06\/TEXTBOOK.png\" alt=\"TEXTBOOK\" itemprop=\"image\" height=\"1080\" width=\"1080\" title=\"TEXTBOOK\" onerror=\"this.style.display='none'\" loading='lazy' \/>\n<h2>\n\t\t\tCaracter\u00edsticas\t<\/h2>\n<h2>\n\t\t\tSeguimiento de la Depresiaci\u00f3n de Activos\t<\/h2>\n\t\t\t\t<img decoding=\"async\" src=\"http:\/\/v2.kboom12.com\/wp-content\/uploads\/2025\/04\/Group-1899.png\" alt=\"Group 1899\" itemprop=\"image\" title=\"Group 1899\" onerror=\"this.style.display='none'\" loading='lazy' \/>\n<h2>\n\t\t\tCondici\u00f3n\/Da\u00f1o\/<br \/>p\u00e9rdida\/Honorariosde los Activos\t<\/h2>\n\t\t\t\t<img decoding=\"async\" src=\"http:\/\/v2.kboom12.com\/wp-content\/uploads\/2025\/04\/Group-1900.png\" alt=\"Group 1900\" itemprop=\"image\" title=\"Group 1900\" onerror=\"this.style.display='none'\" loading='lazy' \/>\n<h2>\n\t\t\tBases de Datos de Perpetuidad\t<\/h2>\n\t\t\t\t<img decoding=\"async\" src=\"http:\/\/v2.kboom12.com\/wp-content\/uploads\/2025\/04\/Group-1901.png\" alt=\"Group 1901\" itemprop=\"image\" title=\"Group 1901\" onerror=\"this.style.display='none'\" loading='lazy' \/>\n\t\t\t\t<figure><img decoding=\"async\" src=\"http:\/\/v2.kboom12.com\/wp-content\/uploads\/2025\/04\/Group-1902.png\" alt=\"Group 1902\"\/><\/figure>\n\t\t<h3>Informes automatizados <\/h3><p>Ya sea que necesite informaci\u00f3n sobre la marcha o desee configurar un cronograma estructurado, usted toma la decisi\u00f3n cuando se trata de informes. Ahora puede tener informes cuando los desee, no cuando sea conveniente para su sistema.<\/p>\n\t\t\t\t<figure><img decoding=\"async\" src=\"http:\/\/v2.kboom12.com\/wp-content\/uploads\/2025\/04\/Group-1903.png\" alt=\"Group 1903\"\/><\/figure>\n\t\t<h3>Soporte en vivo 24\/7 <\/h3><p>Cualquier persona de su organizaci\u00f3n, cualquier hora del d\u00eda, cualquier tema. Ning\u00fan otro software de gesti\u00f3n de activos tiene su propio equipo de soporte interno las 24 horas del d\u00eda, los 7 d\u00edas de la semana como nosotros. \u00bfTienes una pregunta b\u00e1sica de \u00abc\u00f3mo hacerlo\u00bb? Cont\u00e1ctanos.<\/p>\n\t\t\t\t<h2>\u00a1SOLICITA TU DEMO!<\/h2>\n\t\tLleva la educaci\u00f3n al siguiente nivel\n\t\t\t\t<a href=\"https:\/\/v2.kboom12.com\/en\/contactenos\/\" role=\"button\" target=\"_self\">\n\t\t\t\t\t\t\t\t\t\tAqu\u00ed\t\t\t\t\t\t\t\t\t<\/a>\n\t\t<h4>\u00bfNecesita m\u00e1s informaci\u00f3n?<\/h4>\n\t\t\t<a href=\"https:\/\/v2.kboom12.com\/en\/contactenos\/\" target=\"_self\">\n\t\t\t\t\t\t\tCONT\u00c1CTENOS\n\t\t\t\t\t<\/a>","protected":false},"excerpt":{"rendered":"<p>TEXTBOOK TRACKER ES UNA SOLUCI\u00d3N DE ADMINISTRACI\u00d3N DE ACTIVOS. Comienza Aqu\u00ed \u00a1La administraci\u00f3n de activos administra su presupuesto!\u00a0 Basada en la web con todas las funciones que brinda la comodidad de todo lo que necesita, desde la circulaci\u00f3n hasta la generaci\u00f3n de informes, en una aplicaci\u00f3n accesible en cualquier dispositivo con acceso a Internet.\u00a0\u00bfTiene un [&hellip;]<\/p>\n","protected":false},"author":1,"featured_media":0,"parent":20,"menu_order":0,"comment_status":"closed","ping_status":"closed","template":"","meta":{"footnotes":""},"class_list":["post-481","page","type-page","status-publish","hentry"],"blocksy_meta":[],"_links":{"self":[{"href":"https:\/\/v2.kboom12.com\/en\/wp-json\/wp\/v2\/pages\/481","targetHints":{"allow":["GET"]}}],"collection":[{"href":"https:\/\/v2.kboom12.com\/en\/wp-json\/wp\/v2\/pages"}],"about":[{"href":"https:\/\/v2.kboom12.com\/en\/wp-json\/wp\/v2\/types\/page"}],"author":[{"embeddable":true,"href":"https:\/\/v2.kboom12.com\/en\/wp-json\/wp\/v2\/users\/1"}],"replies":[{"embeddable":true,"href":"https:\/\/v2.kboom12.com\/en\/wp-json\/wp\/v2\/comments?post=481"}],"version-history":[{"count":23,"href":"https:\/\/v2.kboom12.com\/en\/wp-json\/wp\/v2\/pages\/481\/revisions"}],"predecessor-version":[{"id":1015,"href":"https:\/\/v2.kboom12.com\/en\/wp-json\/wp\/v2\/pages\/481\/revisions\/1015"}],"up":[{"embeddable":true,"href":"https:\/\/v2.kboom12.com\/en\/wp-json\/wp\/v2\/pages\/20"}],"wp:attachment":[{"href":"https:\/\/v2.kboom12.com\/en\/wp-json\/wp\/v2\/media?parent=481"}],"curies":[{"name":"wp","href":"https:\/\/api.w.org\/{rel}","templated":true}]}}