{"id":458,"date":"2025-04-09T00:40:03","date_gmt":"2025-04-09T05:40:03","guid":{"rendered":"https:\/\/v2.kboom12.com\/?page_id=458"},"modified":"2025-08-13T13:07:02","modified_gmt":"2025-08-13T18:07:02","slug":"lightbox","status":"publish","type":"page","link":"https:\/\/v2.kboom12.com\/en\/tecnologias\/lightbox\/","title":{"rendered":"LIGHTBOX"},"content":{"rendered":"<a href=\"https:\/\/v2.kboom12.com\/en\/contactenos\/\" target=\"_self\">\n\t\t\t\t\t\t\t<img loading=\"lazy\" decoding=\"async\" src=\"http:\/\/v2.kboom12.com\/wp-content\/uploads\/2025\/08\/lightbox.png\" alt=\"lightbox\" width=\"2381\" height=\"783\" \/>\n\t\t\t\t\t\t<\/a>\n\t\t<h6>Lightbox es una soluci\u00f3n integral de curr\u00edculo digital para estudiantes y educadores de K-12, disponible en ingl\u00e9s y espa\u00f1ol.<\/h6>\n\t\t\t\t<a href=\"https:\/\/v2.kboom12.com\/en\/contactenos\/\" role=\"button\" target=\"_self\">\n\t\t\t\t\t\t\t\t\t\tComienza Aqu\u00ed\t\t\t\t\t\t\t\t\t<\/a>\n\t\t\t\t<img decoding=\"async\" src=\"http:\/\/v2.kboom12.com\/wp-content\/uploads\/2025\/05\/LightBox.png\" alt=\"LightBox\" itemprop=\"image\" title=\"LightBox\" onerror=\"this.style.display='none'\" loading='lazy' \/>\n\t\t\n\t\t\t<p>Esta plataforma de \u00faltima generaci\u00f3n brinda a las escuelas y distritos la capacidad de integrar y asignar materiales de Lightbox utilizando las plataformas educativas actuales como <strong>Google Classroom, Canvas, ITS Learning, D2L<\/strong>, entre muchas otras.Junto con recursos digitales como actividades estudiantiles, videos y cuestionarios, Lightbox proporciona correlaciones basadas en el plan de estudios que cumplen con est\u00e1ndares como los est\u00e1ndares nacionales del plan de estudios, <strong>Common Core y TEKS.<\/strong><\/p>\t\t\n\t\t\t\t<img decoding=\"async\" src=\"https:\/\/v2.kboom12.com\/wp-content\/uploads\/2025\/05\/lightbox-tablet.jpg\" alt=\"lightbox-tablet\" itemprop=\"image\" height=\"500\" width=\"645\" title=\"lightbox-tablet\" onerror=\"this.style.display='none'\" loading='lazy' \/>\n<h2>\n\t\t\tUna amplia variedad de recursos con los que interactuar:\t<\/h2>\n<h2>\n\t\t\tVideos\t<\/h2>\n\t\t\t\t<img decoding=\"async\" src=\"http:\/\/v2.kboom12.com\/wp-content\/uploads\/2025\/04\/Group-1907.png\" alt=\"Group 1907\" itemprop=\"image\" title=\"Group 1907\" onerror=\"this.style.display='none'\" loading='lazy' \/>\n<h2>\n\t\t\tEnlaces Web\t<\/h2>\n\t\t\t\t<img decoding=\"async\" src=\"http:\/\/v2.kboom12.com\/wp-content\/uploads\/2025\/04\/Group-1908.png\" alt=\"Group 1908\" itemprop=\"image\" title=\"Group 1908\" onerror=\"this.style.display='none'\" loading='lazy' \/>\n<h2>\n\t\t\tActividades\t<\/h2>\n\t\t\t\t<img decoding=\"async\" src=\"http:\/\/v2.kboom12.com\/wp-content\/uploads\/2025\/04\/Group-1909.png\" alt=\"Group 1909\" itemprop=\"image\" title=\"Group 1909\" onerror=\"this.style.display='none'\" loading='lazy' \/>\n<h2>\n\t\t\tDiapositivas\t<\/h2>\n\t\t\t\t<img decoding=\"async\" src=\"http:\/\/v2.kboom12.com\/wp-content\/uploads\/2025\/04\/Group-1910.png\" alt=\"Group 1910\" itemprop=\"image\" title=\"Group 1910\" onerror=\"this.style.display='none'\" loading='lazy' \/>\n<h2>\n\t\t\tQuizes\t<\/h2>\n\t\t\t\t<img decoding=\"async\" src=\"http:\/\/v2.kboom12.com\/wp-content\/uploads\/2025\/04\/Group-1911.png\" alt=\"Group 1911\" itemprop=\"image\" title=\"Group 1911\" onerror=\"this.style.display='none'\" loading='lazy' \/>\n<h2>\n\t\t\tAudio\t<\/h2>\n\t\t\t\t<img decoding=\"async\" src=\"http:\/\/v2.kboom12.com\/wp-content\/uploads\/2025\/04\/Group-1912.png\" alt=\"Group 1912\" itemprop=\"image\" title=\"Group 1912\" onerror=\"this.style.display='none'\" loading='lazy' \/>\n<h2>\n\t\t\tPalabras Clave\t<\/h2>\n\t\t\t\t<img decoding=\"async\" src=\"http:\/\/v2.kboom12.com\/wp-content\/uploads\/2025\/04\/Group-1913.png\" alt=\"Group 1913\" itemprop=\"image\" title=\"Group 1913\" onerror=\"this.style.display='none'\" loading='lazy' \/>\n<h2>\n\t\t\tMapas Interactivos\t<\/h2>\n\t\t\t\t<img decoding=\"async\" src=\"http:\/\/v2.kboom12.com\/wp-content\/uploads\/2025\/04\/Group-1914.png\" alt=\"Group 1914\" itemprop=\"image\" title=\"Group 1914\" onerror=\"this.style.display='none'\" loading='lazy' \/>\n\t\t\t\t<h2>\u00a1SOLICITA TU DEMO!<\/h2>\n\t\tLleva la educaci\u00f3n al siguiente nivel\n\t\t\t\t<a href=\"https:\/\/v2.kboom12.com\/en\/contactenos\/\" role=\"button\" target=\"_self\">\n\t\t\t\t\t\t\t\t\t\tAqu\u00ed\t\t\t\t\t\t\t\t\t<\/a>\n\t\t<h4>\u00bfNecesita m\u00e1s informaci\u00f3n?<\/h4>\n\t\t\t<a href=\"https:\/\/v2.kboom12.com\/en\/contactenos\/\" target=\"_self\">\n\t\t\t\t\t\t\tCONT\u00c1CTENOS\n\t\t\t\t\t<\/a>","protected":false},"excerpt":{"rendered":"<p>Lightbox es una soluci\u00f3n integral de curr\u00edculo digital para estudiantes y educadores de K-12, disponible en ingl\u00e9s y espa\u00f1ol. Comienza Aqu\u00ed Esta plataforma de \u00faltima generaci\u00f3n brinda a las escuelas y distritos la capacidad de integrar y asignar materiales de Lightbox utilizando las plataformas educativas actuales como Google Classroom, Canvas, ITS Learning, D2L, entre muchas [&hellip;]<\/p>\n","protected":false},"author":1,"featured_media":0,"parent":20,"menu_order":0,"comment_status":"closed","ping_status":"closed","template":"","meta":{"footnotes":""},"class_list":["post-458","page","type-page","status-publish","hentry"],"blocksy_meta":[],"_links":{"self":[{"href":"https:\/\/v2.kboom12.com\/en\/wp-json\/wp\/v2\/pages\/458","targetHints":{"allow":["GET"]}}],"collection":[{"href":"https:\/\/v2.kboom12.com\/en\/wp-json\/wp\/v2\/pages"}],"about":[{"href":"https:\/\/v2.kboom12.com\/en\/wp-json\/wp\/v2\/types\/page"}],"author":[{"embeddable":true,"href":"https:\/\/v2.kboom12.com\/en\/wp-json\/wp\/v2\/users\/1"}],"replies":[{"embeddable":true,"href":"https:\/\/v2.kboom12.com\/en\/wp-json\/wp\/v2\/comments?post=458"}],"version-history":[{"count":14,"href":"https:\/\/v2.kboom12.com\/en\/wp-json\/wp\/v2\/pages\/458\/revisions"}],"predecessor-version":[{"id":1008,"href":"https:\/\/v2.kboom12.com\/en\/wp-json\/wp\/v2\/pages\/458\/revisions\/1008"}],"up":[{"embeddable":true,"href":"https:\/\/v2.kboom12.com\/en\/wp-json\/wp\/v2\/pages\/20"}],"wp:attachment":[{"href":"https:\/\/v2.kboom12.com\/en\/wp-json\/wp\/v2\/media?parent=458"}],"curies":[{"name":"wp","href":"https:\/\/api.w.org\/{rel}","templated":true}]}}